{"id":229,"date":"2024-12-30T12:29:40","date_gmt":"2024-12-30T11:29:40","guid":{"rendered":"https:\/\/www.tfdconfection.com\/?page_id=229"},"modified":"2025-01-07T10:54:19","modified_gmt":"2025-01-07T09:54:19","slug":"contact","status":"publish","type":"page","link":"https:\/\/www.tfdconfection.com\/index.php\/contact\/","title":{"rendered":"Contact"},"content":{"rendered":"\n<div class=\"wp-block-cover alignfull\"><span aria-hidden=\"true\" class=\"wp-block-cover__background has-background-dim\"><\/span><img loading=\"lazy\" decoding=\"async\" width=\"1024\" height=\"275\" class=\"wp-block-cover__image-background wp-image-232\" alt=\"\" src=\"https:\/\/www.tfdconfection.com\/wp-content\/uploads\/2024\/12\/DV8o1obpkv-2-1024x275.png\" data-object-fit=\"cover\" srcset=\"https:\/\/www.tfdconfection.com\/wp-content\/uploads\/2024\/12\/DV8o1obpkv-2-1024x275.png 1024w, https:\/\/www.tfdconfection.com\/wp-content\/uploads\/2024\/12\/DV8o1obpkv-2-300x81.png 300w, https:\/\/www.tfdconfection.com\/wp-content\/uploads\/2024\/12\/DV8o1obpkv-2-768x206.png 768w, https:\/\/www.tfdconfection.com\/wp-content\/uploads\/2024\/12\/DV8o1obpkv-2.png 1366w\" sizes=\"auto, (max-width: 1024px) 100vw, 1024px\" \/><div class=\"wp-block-cover__inner-container is-layout-flow wp-block-cover-is-layout-flow\">\n<h1 id=\"wp-block-themeisle-blocks-advanced-heading-3c228d5f\" class=\"wp-block-themeisle-blocks-advanced-heading wp-block-themeisle-blocks-advanced-heading-3c228d5f\"><strong>Contact<\/strong><\/h1>\n<\/div><\/div>\n\n\n\n<figure class=\"wp-block-image alignfull size-large\"><img loading=\"lazy\" decoding=\"async\" width=\"1024\" height=\"322\" src=\"https:\/\/www.tfdconfection.com\/wp-content\/uploads\/2024\/12\/Capture-decran-2021-06-12-a-4.36.24-PM-1024x322.png\" alt=\"\" class=\"wp-image-233\" srcset=\"https:\/\/www.tfdconfection.com\/wp-content\/uploads\/2024\/12\/Capture-decran-2021-06-12-a-4.36.24-PM-1024x322.png 1024w, https:\/\/www.tfdconfection.com\/wp-content\/uploads\/2024\/12\/Capture-decran-2021-06-12-a-4.36.24-PM-300x94.png 300w, https:\/\/www.tfdconfection.com\/wp-content\/uploads\/2024\/12\/Capture-decran-2021-06-12-a-4.36.24-PM-768x242.png 768w, https:\/\/www.tfdconfection.com\/wp-content\/uploads\/2024\/12\/Capture-decran-2021-06-12-a-4.36.24-PM.png 1366w\" sizes=\"auto, (max-width: 1024px) 100vw, 1024px\" \/><\/figure>\n\n\n\n<div class=\"wp-block-cover alignfull\"><span aria-hidden=\"true\" class=\"wp-block-cover__background has-background-dim\" style=\"background-color:#0042aa\"><\/span><img loading=\"lazy\" decoding=\"async\" width=\"1024\" height=\"204\" class=\"wp-block-cover__image-background wp-image-234\" alt=\"\" src=\"https:\/\/www.tfdconfection.com\/wp-content\/uploads\/2024\/12\/0reRbXdx57-1024x204.png\" style=\"object-position:36% 48%\" data-object-fit=\"cover\" data-object-position=\"36% 48%\" srcset=\"https:\/\/www.tfdconfection.com\/wp-content\/uploads\/2024\/12\/0reRbXdx57-1024x204.png 1024w, https:\/\/www.tfdconfection.com\/wp-content\/uploads\/2024\/12\/0reRbXdx57-300x60.png 300w, https:\/\/www.tfdconfection.com\/wp-content\/uploads\/2024\/12\/0reRbXdx57-768x153.png 768w, https:\/\/www.tfdconfection.com\/wp-content\/uploads\/2024\/12\/0reRbXdx57.png 1366w\" sizes=\"auto, (max-width: 1024px) 100vw, 1024px\" \/><div class=\"wp-block-cover__inner-container is-layout-flow wp-block-cover-is-layout-flow\">\n<h1 id=\"wp-block-themeisle-blocks-advanced-heading-fab46c45\" class=\"wp-block-themeisle-blocks-advanced-heading wp-block-themeisle-blocks-advanced-heading-fab46c45\"><strong>Informations de contact<\/strong><\/h1>\n<\/div><\/div>\n\n\n\n<div class=\"wp-block-group alignfull has-background is-content-justification-center is-layout-constrained wp-container-core-group-is-layout-1313c73e wp-block-group-is-layout-constrained\" style=\"background-color:#f8f8f8;margin-top:0px;margin-bottom:0px;padding-top:64px;padding-bottom:64px\">\n<div class=\"wp-block-group alignwide is-layout-flow wp-block-group-is-layout-flow\">\n<div class=\"wp-block-columns are-vertically-aligned-top is-layout-flex wp-container-core-columns-is-layout-e0dca8c8 wp-block-columns-is-layout-flex\">\n<div class=\"wp-block-column is-vertically-aligned-top is-layout-flow wp-container-core-column-is-layout-47e5a185 wp-block-column-is-layout-flow\">\n<div class=\"wp-block-group has-ti-bg-background-color has-background is-layout-constrained wp-container-core-group-is-layout-b4854629 wp-block-group-is-layout-constrained\" style=\"border-style:none;border-width:0px;min-height:370px;padding-top:24px;padding-right:24px;padding-bottom:24px;padding-left:24px\">\n<figure class=\"wp-block-image aligncenter size-full is-resized is-style-rounded\"><img loading=\"lazy\" decoding=\"async\" width=\"46\" height=\"46\" src=\"http:\/\/www.tfdconfection.com\/wp-content\/uploads\/2024\/12\/Groupe-de-masques-12-2.png\" alt=\"\" class=\"wp-image-250\" style=\"width:100px;height:100px\"\/><\/figure>\n\n\n\n<h3 class=\"wp-block-heading has-text-align-center has-medium-font-size\">Adresse<\/h3>\n\n\n\n<p class=\"has-text-align-center has-medium-font-size\">7 Rue de bois, Z.I ksar said, manouba<\/p>\n<\/div>\n<\/div>\n\n\n\n<div class=\"wp-block-column is-vertically-aligned-top is-layout-flow wp-block-column-is-layout-flow\">\n<div class=\"wp-block-group is-content-justification-left is-layout-constrained wp-container-core-group-is-layout-12dd3699 wp-block-group-is-layout-constrained\" style=\"border-radius:5px\">\n<div class=\"wp-block-group has-ti-bg-background-color has-background is-layout-constrained wp-container-core-group-is-layout-b4854629 wp-block-group-is-layout-constrained\" style=\"min-height:370px;padding-top:24px;padding-right:24px;padding-bottom:24px;padding-left:24px\">\n<figure class=\"wp-block-image aligncenter size-full is-resized is-style-rounded\"><img loading=\"lazy\" decoding=\"async\" width=\"46\" height=\"46\" src=\"https:\/\/www.tfdconfection.com\/wp-content\/uploads\/2024\/12\/Groupe-de-masques-13-97b85f.svg\" alt=\"\" class=\"wp-image-251\" style=\"width:100px\"\/><\/figure>\n\n\n\n<h3 class=\"wp-block-heading has-text-align-center has-medium-font-size\">T\u00e9l\u00e9phone<\/h3>\n\n\n\n<p class=\"has-text-align-center has-medium-font-size\">(+216) 29 279 032 <\/p>\n\n\n\n<p class=\"has-text-align-center has-medium-font-size\">(+216) 28 456 918<\/p>\n<\/div>\n<\/div>\n<\/div>\n\n\n\n<div class=\"wp-block-column is-vertically-aligned-top is-layout-flow wp-block-column-is-layout-flow\">\n<div class=\"wp-block-group is-content-justification-left is-layout-constrained wp-container-core-group-is-layout-12dd3699 wp-block-group-is-layout-constrained\" style=\"border-radius:5px\">\n<div class=\"wp-block-group has-ti-bg-background-color has-background is-layout-constrained wp-container-core-group-is-layout-b4854629 wp-block-group-is-layout-constrained\" style=\"min-height:370px;padding-top:24px;padding-right:24px;padding-bottom:24px;padding-left:24px\">\n<figure class=\"wp-block-image aligncenter size-full is-resized is-style-rounded\"><img loading=\"lazy\" decoding=\"async\" width=\"46\" height=\"46\" src=\"https:\/\/www.tfdconfection.com\/wp-content\/uploads\/2024\/12\/Groupe-de-masques-14-70e099.svg\" alt=\"\" class=\"wp-image-252\" style=\"width:100px;height:100px\"\/><\/figure>\n\n\n\n<h3 class=\"wp-block-heading has-text-align-center has-medium-font-size\">Email<\/h3>\n\n\n\n<p class=\"has-text-align-center has-medium-font-size\"><\/p>\n<\/div>\n<\/div>\n<\/div>\n<\/div>\n<\/div>\n<\/div>\n\n\n\n<div class=\"wp-block-cover\"><span aria-hidden=\"true\" class=\"wp-block-cover__background has-background-dim\"><\/span><img loading=\"lazy\" decoding=\"async\" width=\"1024\" height=\"417\" class=\"wp-block-cover__image-background wp-image-253\" alt=\"\" src=\"http:\/\/www.tfdconfection.com\/wp-content\/uploads\/2024\/12\/WwJTS0bfG1jU8eGts1VelFO1XRoXjkGSl1OQ2FxAK3NGf40FtD8wWeuMA5NuqfsoU335y7opA_NJsFQLe0g1ashESD1tBsyajf9B5aaJqLjmzQ4CQhBSkWcnkvigBdrBNfa_pHq5Ivlgm2-1024x417.png\" data-object-fit=\"cover\" srcset=\"https:\/\/www.tfdconfection.com\/wp-content\/uploads\/2024\/12\/WwJTS0bfG1jU8eGts1VelFO1XRoXjkGSl1OQ2FxAK3NGf40FtD8wWeuMA5NuqfsoU335y7opA_NJsFQLe0g1ashESD1tBsyajf9B5aaJqLjmzQ4CQhBSkWcnkvigBdrBNfa_pHq5Ivlgm2-1024x417.png 1024w, https:\/\/www.tfdconfection.com\/wp-content\/uploads\/2024\/12\/WwJTS0bfG1jU8eGts1VelFO1XRoXjkGSl1OQ2FxAK3NGf40FtD8wWeuMA5NuqfsoU335y7opA_NJsFQLe0g1ashESD1tBsyajf9B5aaJqLjmzQ4CQhBSkWcnkvigBdrBNfa_pHq5Ivlgm2-300x122.png 300w, https:\/\/www.tfdconfection.com\/wp-content\/uploads\/2024\/12\/WwJTS0bfG1jU8eGts1VelFO1XRoXjkGSl1OQ2FxAK3NGf40FtD8wWeuMA5NuqfsoU335y7opA_NJsFQLe0g1ashESD1tBsyajf9B5aaJqLjmzQ4CQhBSkWcnkvigBdrBNfa_pHq5Ivlgm2-768x313.png 768w, https:\/\/www.tfdconfection.com\/wp-content\/uploads\/2024\/12\/WwJTS0bfG1jU8eGts1VelFO1XRoXjkGSl1OQ2FxAK3NGf40FtD8wWeuMA5NuqfsoU335y7opA_NJsFQLe0g1ashESD1tBsyajf9B5aaJqLjmzQ4CQhBSkWcnkvigBdrBNfa_pHq5Ivlgm2.png 1366w\" sizes=\"auto, (max-width: 1024px) 100vw, 1024px\" \/><div class=\"wp-block-cover__inner-container is-layout-flow wp-block-cover-is-layout-flow\">\n<h1 id=\"wp-block-themeisle-blocks-advanced-heading-37a22947\" class=\"wp-block-themeisle-blocks-advanced-heading wp-block-themeisle-blocks-advanced-heading-37a22947\"><strong>Entrer en contact<\/strong><\/h1>\n\n\n\n<div id=\"wp-block-themeisle-blocks-form-6be36936\" class=\"wp-block-themeisle-blocks-form\" data-option-name=\"bf9b28ff82ce323187abc5d0feb0d8f07ecd8436_6be36936\"><form class=\"otter-form__container\">\n<div id=\"wp-block-themeisle-blocks-form-input-a38e4029\" class=\"wp-block-themeisle-blocks-form-input is-style-o-c-one-third\"><label for=\"wp-block-themeisle-blocks-form-input-a38e4029-input\" class=\"otter-form-input-label\"><span class=\"otter-form-input-label__label\">Name<\/span><span class=\"required\">*<\/span><\/label><input type=\"text\" id=\"wp-block-themeisle-blocks-form-input-a38e4029-input\" required class=\"otter-form-input\"\/><\/div>\n\n\n\n<div id=\"wp-block-themeisle-blocks-form-input-aa99f615\" class=\"wp-block-themeisle-blocks-form-input is-style-o-c-one-third\"><label for=\"wp-block-themeisle-blocks-form-input-aa99f615-input\" class=\"otter-form-input-label\"><span class=\"otter-form-input-label__label\">Email<\/span><span class=\"required\">*<\/span><\/label><input type=\"email\" id=\"wp-block-themeisle-blocks-form-input-aa99f615-input\" required class=\"otter-form-input\"\/><\/div>\n\n\n<div class=\"protection\" aria-hidden=\"true\"><input type=\"hidden\" id=\"wp-block-themeisle-blocks-form-6be36936_nonce_field\" name=\"wp-block-themeisle-blocks-form-6be36936_nonce_field\" value=\"90eb56db99\" \/><input type=\"hidden\" name=\"_wp_http_referer\" value=\"\/index.php\/wp-json\/wp\/v2\/pages\/229\" \/><input class=\"o-anti-bot\" type=\"checkbox\"><\/div>\n\n\n<div id=\"wp-block-themeisle-blocks-form-input-434d6fc0\" class=\"wp-block-themeisle-blocks-form-input is-style-o-c-one-third\"><label for=\"wp-block-themeisle-blocks-form-input-434d6fc0-input\" class=\"otter-form-input-label\"><span class=\"otter-form-input-label__label\">Sujet*<\/span><\/label><input type=\"text\" id=\"wp-block-themeisle-blocks-form-input-434d6fc0-input\" class=\"otter-form-input\"\/><\/div>\n\n\n\n<div class=\"wp-block-group is-layout-constrained wp-block-group-is-layout-constrained\">\n<div id=\"wp-block-themeisle-blocks-form-textarea-f96596c9\" class=\"wp-block-themeisle-blocks-form-textarea is-style-o-c-two-thirds\"><label for=\"wp-block-themeisle-blocks-form-textarea-f96596c9-input\" class=\"otter-form-textarea-label\"><span class=\"otter-form-textarea-label__label\">Message<\/span><\/label><textarea id=\"wp-block-themeisle-blocks-form-textarea-f96596c9-input\" rows=\"10\" class=\"otter-form-textarea-input\"><\/textarea><\/div>\n\n\n\n<p class=\"has-extra-small-font-size\"><\/p>\n<\/div>\n<div class=\"wp-block-button o-center\"><button class=\"wp-block-button__link\" type=\"submit\">envoyer<\/button><\/div><\/form><\/div>\n<\/div><\/div>\n\n\n\n<div class=\"wp-block-group alignfull has-ti-fg-alt-color has-text-color has-background is-content-justification-center is-layout-constrained wp-container-core-group-is-layout-358beca0 wp-block-group-is-layout-constrained\" style=\"background-color:#3884df;margin-top:0px;margin-bottom:0px;padding-top:64px;padding-bottom:64px\">\n<div class=\"wp-block-group alignwide is-layout-flow wp-block-group-is-layout-flow\">\n<div class=\"wp-block-columns is-layout-flex wp-container-core-columns-is-layout-13e2ef3f wp-block-columns-is-layout-flex\">\n<div class=\"wp-block-column is-layout-flow wp-container-core-column-is-layout-47e5a185 wp-block-column-is-layout-flow\">\n<div class=\"wp-block-group is-layout-constrained wp-block-group-is-layout-constrained\" style=\"border-radius:5px\">\n<figure class=\"wp-block-image size-full is-resized is-style-rounded\"><img loading=\"lazy\" decoding=\"async\" width=\"168\" height=\"58\" src=\"http:\/\/www.tfdconfection.com\/wp-content\/uploads\/2024\/12\/4.png\" alt=\"\" class=\"wp-image-129\" style=\"width:212px;height:auto\"\/><\/figure>\n\n\n\n<p class=\"has-text-align-left\">Le Lorem Ipsum est simplement du faux texte employ\u00e9 dans la composition et la mise en page avant impression.<\/p>\n\n\n\n<ul class=\"wp-block-social-links has-icon-color is-style-logos-only is-content-justification-center is-layout-flex wp-container-core-social-links-is-layout-a89b3969 wp-block-social-links-is-layout-flex\">\n\n\n\n<\/ul>\n<\/div>\n<\/div>\n\n\n\n<div class=\"wp-block-column is-layout-flow wp-container-core-column-is-layout-47e5a185 wp-block-column-is-layout-flow\">\n<div class=\"wp-block-group is-layout-constrained wp-block-group-is-layout-constrained\" style=\"border-radius:5px\">\n<p class=\"has-text-align-left has-medium-font-size\"><strong>Menu<\/strong><\/p>\n\n\n\n<p class=\"has-text-align-left has-normal-font-size\">Accueil<\/p>\n\n\n\n<p class=\"has-normal-font-size\">\u00c0 propos<\/p>\n\n\n\n<p class=\"has-normal-font-size\">TFD Confection<\/p>\n\n\n\n<p>Make Ur Soft<\/p>\n<\/div>\n<\/div>\n\n\n\n<div class=\"wp-block-column is-layout-flow wp-container-core-column-is-layout-47e5a185 wp-block-column-is-layout-flow\">\n<div class=\"wp-block-group is-layout-constrained wp-block-group-is-layout-constrained\" style=\"border-radius:5px\">\n<p class=\"has-text-align-left has-medium-font-size\">Contact<\/p>\n\n\n\n<p class=\"has-text-align-left has-medium-font-size\">On sait depuis longtemps que travailler avec du texte<\/p>\n<\/div>\n\n\n\n<p>+216 71 000 005<\/p>\n<\/div>\n\n\n\n<div class=\"wp-block-column is-layout-flow wp-block-column-is-layout-flow\">\n<p class=\"has-large-font-size\">Newsletter<\/p>\n\n\n\n<p>Le Lorem Ipsum est simplement du faux texte employ\u00e9 dans<\/p>\n<\/div>\n<\/div>\n<\/div>\n\n\n\n<p><\/p>\n<\/div>\n","protected":false},"excerpt":{"rendered":"<p>Adresse 7 Rue de bois, Z.I ksar said, manouba T\u00e9l\u00e9phone (+216) 29 279 032 (+216) 28 456 918 Email Le Lorem Ipsum est simplement du faux texte employ\u00e9 dans la composition et la mise en page avant impression. Menu Accueil \u00c0 propos TFD Confection Make Ur Soft Contact On sait depuis longtemps que travailler avec [&hellip;]<\/p>\n","protected":false},"author":1,"featured_media":0,"parent":0,"menu_order":0,"comment_status":"closed","ping_status":"closed","template":"template-plain","meta":{"_themeisle_gutenberg_block_has_review":false,"footnotes":""},"class_list":["post-229","page","type-page","status-publish","hentry"],"_links":{"self":[{"href":"https:\/\/www.tfdconfection.com\/index.php\/wp-json\/wp\/v2\/pages\/229","targetHints":{"allow":["GET"]}}],"collection":[{"href":"https:\/\/www.tfdconfection.com\/index.php\/wp-json\/wp\/v2\/pages"}],"about":[{"href":"https:\/\/www.tfdconfection.com\/index.php\/wp-json\/wp\/v2\/types\/page"}],"author":[{"embeddable":true,"href":"https:\/\/www.tfdconfection.com\/index.php\/wp-json\/wp\/v2\/users\/1"}],"replies":[{"embeddable":true,"href":"https:\/\/www.tfdconfection.com\/index.php\/wp-json\/wp\/v2\/comments?post=229"}],"version-history":[{"count":6,"href":"https:\/\/www.tfdconfection.com\/index.php\/wp-json\/wp\/v2\/pages\/229\/revisions"}],"predecessor-version":[{"id":299,"href":"https:\/\/www.tfdconfection.com\/index.php\/wp-json\/wp\/v2\/pages\/229\/revisions\/299"}],"wp:attachment":[{"href":"https:\/\/www.tfdconfection.com\/index.php\/wp-json\/wp\/v2\/media?parent=229"}],"curies":[{"name":"wp","href":"https:\/\/api.w.org\/{rel}","templated":true}]}}