{"id":27,"date":"2024-12-09T09:56:33","date_gmt":"2024-12-09T08:56:33","guid":{"rendered":"https:\/\/www.tfdconfection.com\/?page_id=27"},"modified":"2024-12-31T10:27:21","modified_gmt":"2024-12-31T09:27:21","slug":"nos-valeurs","status":"publish","type":"page","link":"https:\/\/www.tfdconfection.com\/index.php\/nos-valeurs\/","title":{"rendered":"Nos valeurs"},"content":{"rendered":"\n<div class=\"wp-block-cover alignfull\"><span aria-hidden=\"true\" class=\"wp-block-cover__background has-background-dim\"><\/span><img loading=\"lazy\" decoding=\"async\" width=\"1024\" height=\"275\" class=\"wp-block-cover__image-background wp-image-262\" alt=\"\" src=\"https:\/\/www.tfdconfection.com\/wp-content\/uploads\/2024\/12\/x2wRmX8lP25jApg3ptiD8MwTH9M4lktsZlNPHKrP_sH4jTer3caZLSZiwrhCY9cO9zSWQl9qUPJEUcCXQ9e0dgrQE1aSNQY5yb_NGqeR5Yvopkzqh3kVOcRYDfUeiOxQhBFbioUnNlfxb_R9bbj-1024x275.png\" data-object-fit=\"cover\" srcset=\"https:\/\/www.tfdconfection.com\/wp-content\/uploads\/2024\/12\/x2wRmX8lP25jApg3ptiD8MwTH9M4lktsZlNPHKrP_sH4jTer3caZLSZiwrhCY9cO9zSWQl9qUPJEUcCXQ9e0dgrQE1aSNQY5yb_NGqeR5Yvopkzqh3kVOcRYDfUeiOxQhBFbioUnNlfxb_R9bbj-1024x275.png 1024w, https:\/\/www.tfdconfection.com\/wp-content\/uploads\/2024\/12\/x2wRmX8lP25jApg3ptiD8MwTH9M4lktsZlNPHKrP_sH4jTer3caZLSZiwrhCY9cO9zSWQl9qUPJEUcCXQ9e0dgrQE1aSNQY5yb_NGqeR5Yvopkzqh3kVOcRYDfUeiOxQhBFbioUnNlfxb_R9bbj-300x81.png 300w, https:\/\/www.tfdconfection.com\/wp-content\/uploads\/2024\/12\/x2wRmX8lP25jApg3ptiD8MwTH9M4lktsZlNPHKrP_sH4jTer3caZLSZiwrhCY9cO9zSWQl9qUPJEUcCXQ9e0dgrQE1aSNQY5yb_NGqeR5Yvopkzqh3kVOcRYDfUeiOxQhBFbioUnNlfxb_R9bbj-768x206.png 768w, https:\/\/www.tfdconfection.com\/wp-content\/uploads\/2024\/12\/x2wRmX8lP25jApg3ptiD8MwTH9M4lktsZlNPHKrP_sH4jTer3caZLSZiwrhCY9cO9zSWQl9qUPJEUcCXQ9e0dgrQE1aSNQY5yb_NGqeR5Yvopkzqh3kVOcRYDfUeiOxQhBFbioUnNlfxb_R9bbj.png 1366w\" sizes=\"auto, (max-width: 1024px) 100vw, 1024px\" \/><div class=\"wp-block-cover__inner-container is-layout-flow wp-block-cover-is-layout-flow\">\n<h1 id=\"wp-block-themeisle-blocks-advanced-heading-5b09e435\" class=\"wp-block-themeisle-blocks-advanced-heading wp-block-themeisle-blocks-advanced-heading-5b09e435\">Nos valeurs<\/h1>\n<\/div><\/div>\n\n\n\n<h2 id=\"wp-block-themeisle-blocks-advanced-heading-b394f1f6\" class=\"wp-block-themeisle-blocks-advanced-heading wp-block-themeisle-blocks-advanced-heading-b394f1f6\">TFDH une soci\u00e9t\u00e9 <\/h2>\n\n\n\n<h1 id=\"wp-block-themeisle-blocks-advanced-heading-b6e8aac1\" class=\"wp-block-themeisle-blocks-advanced-heading wp-block-themeisle-blocks-advanced-heading-b6e8aac1\"><strong>engag\u00e9e et ecologique<\/strong><\/h1>\n\n\n\n<div class=\"wp-block-columns is-layout-flex wp-container-core-columns-is-layout-28f84493 wp-block-columns-is-layout-flex\">\n<div class=\"wp-block-column is-layout-flow wp-block-column-is-layout-flow\" style=\"flex-basis:100%\">\n<p class=\"has-normal-font-size\">La responsabilit\u00e9 soci\u00e9tale des entreprises RSE est un concept que TFDH prend en consid\u00e9ration, ces pr\u00e9occupations sociales, environnementales, et \u00e9conomiques ne sont pas n\u00e9glig\u00e9es et il ne faut pas les ignorer.<\/p>\n<\/div>\n<\/div>\n\n\n\n<div class=\"wp-block-columns is-layout-flex wp-container-core-columns-is-layout-28f84493 wp-block-columns-is-layout-flex\">\n<div class=\"wp-block-column is-layout-flow wp-block-column-is-layout-flow\" style=\"flex-basis:40%\">\n<div class=\"wp-block-columns is-layout-flex wp-container-core-columns-is-layout-28f84493 wp-block-columns-is-layout-flex\">\n<div class=\"wp-block-column is-layout-flow wp-block-column-is-layout-flow\" style=\"flex-basis:100%\">\n<p class=\"has-text-color has-link-color has-normal-font-size wp-elements-345bb37bcee998fa7ad29838b83dad58\" style=\"color:#4c4848\">Le secteur du textile et de l\u2019informatique laissent une empreinte environnementale et sociale cons\u00e9quente. En tant que Groupe impliqu\u00e9, il nous appartient de faire de notre mieux pour cr\u00e9er les styles que vous aimez, mais de le faire tout en respectant notre plan\u00e8te d\u2019abord et le bien-\u00eatre de nos collaborateurs ainsi de nos employ\u00e9s.<\/p>\n<\/div>\n<\/div>\n<\/div>\n\n\n\n<div class=\"wp-block-column is-layout-flow wp-block-column-is-layout-flow\" style=\"flex-basis:40%\">\n<p class=\"has-text-color has-link-color has-normal-font-size wp-elements-f2aff4fa551241417f893cb1a140587f\" style=\"color:#4c4848\">TFDH contribue sans cesse aux enjeux du d\u00e9veloppement durable et du respect du droit social tout en garantissant un produit fini de grande qualit\u00e9.<\/p>\n<\/div>\n<\/div>\n\n\n\n<div class=\"wp-block-group alignfull has-ti-bg-alt-background-color has-background is-layout-flow wp-container-core-group-is-layout-e7b77ced wp-block-group-is-layout-flow\" style=\"margin-top:0px;margin-bottom:0px;padding-top:0;padding-right:0;padding-bottom:0;padding-left:0\">\n<div class=\"wp-block-columns alignwide are-vertically-aligned-center has-ti-fg-alt-color has-text-color has-background has-link-color wp-elements-bb95aa11a4081dc8984c7c1b5095e8d6 is-layout-flex wp-container-core-columns-is-layout-c7d2d2bb wp-block-columns-is-layout-flex\" style=\"border-width:37px;background-color:#3884df;margin-top:0;margin-bottom:0;padding-top:0;padding-right:0;padding-bottom:0;padding-left:0\">\n<div class=\"wp-block-column is-vertically-aligned-center is-layout-flow wp-block-column-is-layout-flow\" style=\"flex-basis:50%\">\n<figure class=\"wp-block-image size-full is-resized\"><img loading=\"lazy\" decoding=\"async\" width=\"683\" height=\"634\" src=\"http:\/\/www.tfdconfection.com\/wp-content\/uploads\/2024\/12\/3ioiRtys9miHHfEQI6Pp0D3sVUIOO8BJoOrtedzHuInO1gASI1syyHZCSKNRO6NPwnpYWoowIea5FpaQVHYqFbj303OU4MhPauLLBKYTxlUYWK1tQPk79V5YfwffpbHCbXTm5umXvsSwUI4Gc_H_9.png\" alt=\"\" class=\"wp-image-266\" style=\"width:1047px;height:auto\" srcset=\"https:\/\/www.tfdconfection.com\/wp-content\/uploads\/2024\/12\/3ioiRtys9miHHfEQI6Pp0D3sVUIOO8BJoOrtedzHuInO1gASI1syyHZCSKNRO6NPwnpYWoowIea5FpaQVHYqFbj303OU4MhPauLLBKYTxlUYWK1tQPk79V5YfwffpbHCbXTm5umXvsSwUI4Gc_H_9.png 683w, https:\/\/www.tfdconfection.com\/wp-content\/uploads\/2024\/12\/3ioiRtys9miHHfEQI6Pp0D3sVUIOO8BJoOrtedzHuInO1gASI1syyHZCSKNRO6NPwnpYWoowIea5FpaQVHYqFbj303OU4MhPauLLBKYTxlUYWK1tQPk79V5YfwffpbHCbXTm5umXvsSwUI4Gc_H_9-300x278.png 300w\" sizes=\"auto, (max-width: 683px) 100vw, 683px\" \/><\/figure>\n<\/div>\n\n\n\n<div class=\"wp-block-column is-vertically-aligned-center is-layout-flow wp-block-column-is-layout-flow\" style=\"padding-top:64px;padding-right:24px;padding-bottom:64px;padding-left:24px;flex-basis:50%\">\n<div class=\"wp-block-group is-layout-constrained wp-block-group-is-layout-constrained\">\n<h1 class=\"wp-block-heading\">Consommons <\/h1>\n\n\n\n<h1 id=\"wp-block-themeisle-blocks-advanced-heading-42197b05\" class=\"wp-block-themeisle-blocks-advanced-heading wp-block-themeisle-blocks-advanced-heading-42197b05\">moins d\u2019\u00e9nergie<\/h1>\n\n\n\n<p class=\"has-normal-font-size\">Des investissements importants et lourds ont \u00e9t\u00e9 r\u00e9alis\u00e9s pour participer au respect environnemental. Dans l\u2019industrie, il n\u2019y a pas de petites \u00e9conomies\u2026 On peut augmenter nos prix, baisser nos marges, rogner sur les salaires, mais le plus gros levier dont on dispose reste la rationalisation de la consommation d\u2019\u00e9nergie. Selon un audit d\u2019\u00e9lectricit\u00e9 \u00e9tabli par nos services informatiques, 70% de la consommation \u00e9lectrique revient aux moteurs : pompes, ventilation, air comprim\u00e9, parc machine\u2026 Optimiser leur fonctionnement est imp\u00e9ratif pour faire baisser notre facture \u00e9nerg\u00e9tique et mener \u00e0 bien l\u2019efficacit\u00e9 \u00e9nerg\u00e9tique. Des solutions ont \u00e9t\u00e9 mises en place pour \u00e9conomiser de l\u2019\u00e9nergie et r\u00e9duire sa consommation. Tout d\u2019abord en impliquant tout le monde \u00e0 adopter les bons gestes, ensuite en r\u00e9alisant des travaux d\u2019isolations thermiques qui ont pour but de r\u00e9duire les pertes de chaleur entra\u00eenant une r\u00e9duction de la pollution due au chauffage et au refroidissement ainsi procur\u00e9 une climatisation optimale pour nos employ\u00e9s.<\/p>\n<\/div>\n<\/div>\n<\/div>\n<\/div>\n\n\n\n<div class=\"wp-block-cover aligncenter\" style=\"margin-top:0;margin-bottom:0;padding-top:0;padding-bottom:0\"><span aria-hidden=\"true\" class=\"wp-block-cover__background has-background-dim\"><\/span><img loading=\"lazy\" decoding=\"async\" width=\"1024\" height=\"319\" class=\"wp-block-cover__image-background wp-image-268\" alt=\"\" src=\"https:\/\/www.tfdconfection.com\/wp-content\/uploads\/2024\/12\/mwnJJAxBHp-1024x319.png\" data-object-fit=\"cover\" srcset=\"https:\/\/www.tfdconfection.com\/wp-content\/uploads\/2024\/12\/mwnJJAxBHp-1024x319.png 1024w, https:\/\/www.tfdconfection.com\/wp-content\/uploads\/2024\/12\/mwnJJAxBHp-300x93.png 300w, https:\/\/www.tfdconfection.com\/wp-content\/uploads\/2024\/12\/mwnJJAxBHp-768x239.png 768w, https:\/\/www.tfdconfection.com\/wp-content\/uploads\/2024\/12\/mwnJJAxBHp.png 1366w\" sizes=\"auto, (max-width: 1024px) 100vw, 1024px\" \/><div class=\"wp-block-cover__inner-container is-layout-flow wp-container-core-cover-is-layout-10cf3932 wp-block-cover-is-layout-flow\">\n<h1 id=\"wp-block-themeisle-blocks-advanced-heading-a79244b4\" class=\"wp-block-themeisle-blocks-advanced-heading wp-block-themeisle-blocks-advanced-heading-a79244b4\">     <strong>\u00c9cologique<\/strong><\/h1>\n\n\n\n<h3 id=\"wp-block-themeisle-blocks-advanced-heading-cbc98520\" class=\"wp-block-themeisle-blocks-advanced-heading wp-block-themeisle-blocks-advanced-heading-cbc98520\">           ON GASPILLE MOINS ET ON CHANGE PLUS<\/h3>\n\n\n\n<p class=\"has-medium-font-size\">                                               Avec nos approches innovantes en productions et techniques, nous consommons<\/p>\n\n\n\n<p class=\"has-medium-font-size\">                                               moins de ressources et nous gaspillons moins. Notre approche est que la<\/p>\n\n\n\n<p class=\"has-medium-font-size\">                                               durabilit\u00e9 prendra de la valeur avec le temps.<\/p>\n<\/div><\/div>\n\n\n\n<div class=\"wp-block-columns alignwide are-vertically-aligned-center has-ti-fg-alt-color has-text-color has-background has-link-color wp-elements-c0abbc0e85f685b239ade85aae3e604d is-layout-flex wp-container-core-columns-is-layout-c7d2d2bb wp-block-columns-is-layout-flex\" style=\"border-width:37px;background-color:#3884df;margin-top:0;margin-bottom:0;padding-top:0;padding-right:0;padding-bottom:0;padding-left:0\">\n<div class=\"wp-block-column is-vertically-aligned-center is-layout-flow wp-block-column-is-layout-flow\" style=\"padding-top:64px;padding-right:24px;padding-bottom:64px;padding-left:24px;flex-basis:50%\">\n<div class=\"wp-block-group is-layout-constrained wp-block-group-is-layout-constrained\">\n<h1 class=\"wp-block-heading\">Recyclage<\/h1>\n\n\n\n<h1 id=\"wp-block-themeisle-blocks-advanced-heading-ec20133e\" class=\"wp-block-themeisle-blocks-advanced-heading wp-block-themeisle-blocks-advanced-heading-ec20133e\"><\/h1>\n\n\n\n<p class=\"has-normal-font-size\">Des dispositions de recyclage de d\u00e9chet textile et informatique ont \u00e9t\u00e9 pris en charge par des soci\u00e9t\u00e9s sp\u00e9cialis\u00e9es dans le recyclage a but de respect environnementale et \u00e9cologique. Les pratiques et m\u00e9thodes durables de TFDH permettent la limitation des impacts n\u00e9gatifs sur l\u2019\u00e9cologie, l\u2019interdiction de produits dangereux et polluants, ainsi que le respect des travailleurs.<\/p>\n<\/div>\n<\/div>\n\n\n\n<div class=\"wp-block-column is-vertically-aligned-center is-layout-flow wp-block-column-is-layout-flow\" style=\"flex-basis:50%\">\n<figure class=\"wp-block-image size-full is-resized\"><img loading=\"lazy\" decoding=\"async\" width=\"683\" height=\"634\" src=\"http:\/\/www.tfdconfection.com\/wp-content\/uploads\/2024\/12\/7GJnq6NKkg.png\" alt=\"\" class=\"wp-image-270\" style=\"width:1047px;height:auto\" srcset=\"https:\/\/www.tfdconfection.com\/wp-content\/uploads\/2024\/12\/7GJnq6NKkg.png 683w, https:\/\/www.tfdconfection.com\/wp-content\/uploads\/2024\/12\/7GJnq6NKkg-300x278.png 300w\" sizes=\"auto, (max-width: 683px) 100vw, 683px\" \/><\/figure>\n<\/div>\n<\/div>\n","protected":false},"excerpt":{"rendered":"<p>La responsabilit\u00e9 soci\u00e9tale des entreprises RSE est un concept que TFDH prend en consid\u00e9ration, ces pr\u00e9occupations sociales, environnementales, et \u00e9conomiques ne sont pas n\u00e9glig\u00e9es et il ne faut pas les ignorer. Le secteur du textile et de l\u2019informatique laissent une empreinte environnementale et sociale cons\u00e9quente. En tant que Groupe impliqu\u00e9, il nous appartient de faire [&hellip;]<\/p>\n","protected":false},"author":1,"featured_media":0,"parent":0,"menu_order":0,"comment_status":"closed","ping_status":"closed","template":"template-plain","meta":{"_themeisle_gutenberg_block_has_review":false,"footnotes":""},"class_list":["post-27","page","type-page","status-publish","hentry"],"_links":{"self":[{"href":"https:\/\/www.tfdconfection.com\/index.php\/wp-json\/wp\/v2\/pages\/27","targetHints":{"allow":["GET"]}}],"collection":[{"href":"https:\/\/www.tfdconfection.com\/index.php\/wp-json\/wp\/v2\/pages"}],"about":[{"href":"https:\/\/www.tfdconfection.com\/index.php\/wp-json\/wp\/v2\/types\/page"}],"author":[{"embeddable":true,"href":"https:\/\/www.tfdconfection.com\/index.php\/wp-json\/wp\/v2\/users\/1"}],"replies":[{"embeddable":true,"href":"https:\/\/www.tfdconfection.com\/index.php\/wp-json\/wp\/v2\/comments?post=27"}],"version-history":[{"count":14,"href":"https:\/\/www.tfdconfection.com\/index.php\/wp-json\/wp\/v2\/pages\/27\/revisions"}],"predecessor-version":[{"id":264,"href":"https:\/\/www.tfdconfection.com\/index.php\/wp-json\/wp\/v2\/pages\/27\/revisions\/264"}],"wp:attachment":[{"href":"https:\/\/www.tfdconfection.com\/index.php\/wp-json\/wp\/v2\/media?parent=27"}],"curies":[{"name":"wp","href":"https:\/\/api.w.org\/{rel}","templated":true}]}}